{"id":3,"date":"2024-03-18T04:29:09","date_gmt":"2024-03-18T03:29:09","guid":{"rendered":"http:\/\/baliislandsofgodsretreats.com\/?page_id=3"},"modified":"2024-05-15T06:49:19","modified_gmt":"2024-05-15T04:49:19","slug":"datenschutzerklaerung","status":"publish","type":"page","link":"https:\/\/baliislandsofgodsretreats.com\/index.php\/datenschutzerklaerung\/","title":{"rendered":"Datenschutzerkl\u00e4rung"},"content":{"rendered":"\t\t<div data-elementor-type=\"wp-page\" data-elementor-id=\"3\" class=\"elementor elementor-3\" data-elementor-post-type=\"page\">\n\t\t\t\t<div class=\"elementor-element elementor-element-2a504ee2 e-flex e-con-boxed e-con e-parent\" data-id=\"2a504ee2\" data-element_type=\"container\" data-core-v316-plus=\"true\">\n\t\t\t\t\t<div class=\"e-con-inner\">\n\t\t\t\t<div class=\"elementor-element elementor-element-3ef735b8 elementor-widget elementor-widget-text-editor\" data-id=\"3ef735b8\" data-element_type=\"widget\" data-widget_type=\"text-editor.default\">\n\t\t\t\t<div class=\"elementor-widget-container\">\n\t\t\t<style>\/*! elementor - v3.20.0 - 10-04-2024 *\/\n.elementor-widget-text-editor.elementor-drop-cap-view-stacked .elementor-drop-cap{background-color:#69727d;color:#fff}.elementor-widget-text-editor.elementor-drop-cap-view-framed .elementor-drop-cap{color:#69727d;border:3px solid;background-color:transparent}.elementor-widget-text-editor:not(.elementor-drop-cap-view-default) .elementor-drop-cap{margin-top:8px}.elementor-widget-text-editor:not(.elementor-drop-cap-view-default) .elementor-drop-cap-letter{width:1em;height:1em}.elementor-widget-text-editor .elementor-drop-cap{float:left;text-align:center;line-height:1;font-size:50px}.elementor-widget-text-editor .elementor-drop-cap-letter{display:inline-block}<\/style>\t\t\t\t<p><!-- wp:heading --><\/p>\n<h1 data-pm-slice=\"1 1 []\">Impressum<\/h1>\n<h6 style=\"font-size: 16px;\" data-pm-slice=\"1 1 []\"><span style=\"font-weight: bolder;\">Angaben gem\u00e4\u00df \u00a7 5 TMG<\/span><\/h6>\n<h6 style=\"font-size: 16px;\" data-pm-slice=\"1 1 []\"><span style=\"font-size: 1rem; text-align: var(--text-align); color: inherit; font-family: inherit;\">Die Adresse unserer Website ist: http:\/\/baliislandsofgodsretreats.com.<\/span><\/h6>\n<div>\n<p><span style=\"text-align: var(--text-align); font-size: 1rem;\">Julia Mandel<br><\/span><span style=\"text-align: var(--text-align); font-size: 1rem;\">Amavi Hotel<br><\/span>G7CC+CHX, Ubud, Gianyar Regency, Bali 80571<\/p>\n<p><strong>Vertreten durch:<\/strong><br>Julia Mandel<\/p>\n<p><strong>Kontakt:<\/strong><br>Telefon: +62 821 4407 2428<br>E-Mail: julia.life.changing.retreats@gmail.com<\/p>\n<p><\/p>\n<\/div>\n<p><!-- \/wp:paragraph --><!-- wp:heading --><\/p>\n<h2><strong>Haftungsausschuss:<\/strong><\/h2>\n<p><!-- \/wp:heading --><!-- wp:paragraph --><\/p>\n<h5 data-pm-slice=\"1 1 []\"><strong>Urheberrecht:<\/strong><\/h5>\n<p>Die durch die Seitenbetreiber erstellten Inhalte und Werke auf diesen Seiten unterliegen dem deutschen Urheberrecht. Die Vervielf\u00e4ltigung, Bearbeitung, Verbreitung und jede Art der Verwertung au\u00dferhalb der Grenzen des Urheberrechtes bed\u00fcrfen der schriftlichen Zustimmung des jeweiligen Autors bzw. Erstellers. Downloads und Kopien dieser Seite sind nur f\u00fcr den privaten, nicht kommerziellen Gebrauch gestattet. Soweit die Inhalte auf dieser Seite nicht vom Betreiber erstellt wurden, werden die Urheberrechte Dritter beachtet. Solltest du trotzdem auf eine Urheberrechtsverletzung aufmerksam werden, bitten wir um einen entsprechenden Hinweis. Bei Bekanntwerden von Rechtsverletzungen werden wir derartige Inhalte umgehend entfernen.<\/p><p><br><\/p>\n<p><\/p>\n<h5><strong>Datenschutz<\/strong><\/h5>\n<p>Die Nutzung unserer Webseite ist in der Regel ohne Angabe personenbezogener Daten m\u00f6glich. Soweit auf unseren Seiten personenbezogene Daten (beispielsweise Name, Anschrift oder eMail-Adressen) erhoben werden, erfolgt dies stets auf freiwilliger Basis. Diese Daten werden ohne deine ausdr\u00fcckliche Zustimmung nicht an Dritte weitergegeben. Eine Ausnahme besteht, wenn du dich f\u00fcr unseren Newsletter anmeldest: In diesem Fall werden deine Daten an einen Drittanbieter weitergegeben. <br>Wir weisen darauf hin, dass die Daten\u00fcbertragung im Internet (z.B. bei der Kommunikation per E-Mail) Sicherheitsl\u00fccken aufweisen kann. Ein l\u00fcckenloser Schutz der Daten vor dem Zugriff durch Dritte ist nicht m\u00f6glich.<br>Der Nutzung von im Rahmen der Impressumspflicht ver\u00f6ffentlichten Kontaktdaten durch Dritte zur \u00dcbersendung von nicht ausdr\u00fccklich angeforderter Werbung und Informationsmaterialien wird hiermit ausdr\u00fccklich widersprochen. Die Betreiber der Seiten behalten sich ausdr\u00fccklich rechtliche Schritte im Falle der unverlangten Zusendung von Werbeinformationen, etwa durch Spam-Mails, vor.<\/p><p><br><\/p>\n<p><\/p>\n<h5><strong>Kontaktformular:<\/strong><\/h5>\n<p>Tritts du bzgl. Fragen jeglicher Art per E-Mail oder Kontaktformular mit uns in Kontakt, erteilst du uns zum Zwecke der Kontaktaufnahme deine freiwillige Einwilligung. Hierf\u00fcr ist die Angabe einer validen E-Mail-Adresse erforderlich. Diese dient der Zuordnung der Anfrage und der anschlie\u00dfenden Beantwortung derselben. Die Angabe weiterer Daten ist optional. Die von dir gemachten Angaben werden zum Zwecke der Bearbeitung der Anfrage sowie f\u00fcr m\u00f6gliche Anschlussfragen gespeichert. Nach Erledigung der von dir gestellten Anfrage werden personenbezogene Daten automatisch gel\u00f6scht.<\/p><p><br><\/p>\n<p><\/p>\n<h5><strong>Verwendung von Google Maps:<\/strong><\/h5>\n<p>Diese Webseite verwendet Google Maps API, um geographische Informationen visuell darzustellen. Bei der Nutzung von Google Maps werden von Google auch Daten \u00fcber die Nutzung der Kartenfunktionen durch Besucher erhoben, verarbeitet und genutzt. N\u00e4here Informationen \u00fcber die Datenverarbeitung durch Google kannst du <a href=\"http:\/\/www.google.com\/privacypolicy.html\">den Google-Datenschutzhinweisen<\/a> entnehmen. Dort kannst du im Datenschutzcenter auch deine pers\u00f6nlichen Datenschutz-Einstellungen ver\u00e4ndern.<\/p>\n<p>Ausf\u00fchrliche Anleitungen zur Verwaltung der eigenen Daten im Zusammenhang mit Google-Produkten<a href=\"http:\/\/www.dataliberation.org\/\"> findest du hier<\/a>.<\/p><p><br><\/p>\n<p><\/p>\n<p><!-- \/wp:paragraph --><!-- wp:heading --><\/p>\n<p><!-- \/wp:heading --><!-- wp:paragraph --><\/p>\n<p><!-- \/wp:paragraph --><!-- wp:heading --><\/p>\n<p><!-- \/wp:paragraph --><!-- wp:heading --><\/p>\n<h5><strong>Eingebettete Inhalte von anderen Websites<\/strong><\/h5>\n<p><!-- \/wp:heading --><!-- wp:paragraph --><\/p>\n<p>Beitr\u00e4ge auf dieser Website k\u00f6nnen eingebettete Inhalte beinhalten (z. B. Videos, Bilder, Beitr\u00e4ge etc.). Eingebettete Inhalte von anderen Websites verhalten sich exakt so, als ob der Besucher die andere Website besucht h\u00e4tte.<\/p>\n<p><!-- \/wp:paragraph --><!-- wp:paragraph --><\/p>\n<p>Diese Websites k\u00f6nnen Daten \u00fcber dich sammeln, Cookies benutzen, zus\u00e4tzliche Tracking-Dienste von Dritten einbetten und deine Interaktion mit diesem eingebetteten Inhalt aufzeichnen, inklusive deiner Interaktion mit dem eingebetteten Inhalt, falls du ein Konto hast und auf dieser Website angemeldet bist.<\/p><p><br><\/p>\n<p><!-- \/wp:paragraph --><!-- wp:heading --><\/p>\n<h5><strong>Mit wem wir deine Daten teilen<\/strong><\/h5>\n<p><!-- \/wp:heading --><!-- wp:paragraph --><\/p>\n<p>Wenn du dich dazu entscheidest, dich f\u00fcr unseren Newsletter anzumelden, wird deine E-Mail-Adresse an einen Drittanbieter weitergegeben und dort gespeichert. Dieser Drittanbieter unterst\u00fctzt uns bei der Verwaltung und dem Versand unseres Newsletters. Deine Daten werden ausschlie\u00dflich f\u00fcr diesen Zweck verwendet und nicht an weitere Dritte weitergegeben. Der Schutz deiner personenbezogenen Daten ist uns wichtig, und wir stellen sicher, dass unsere Partner strenge Datenschutzstandards einhalten.<\/p><p><br><\/p>\n<h5 class=\"font_2 wixui-rich-text__text\"><strong><span class=\"wixui-rich-text__text\">\u00c4nderung unserer Datenschutzbestimmungen:<\/span><\/strong><\/h5>\n<p class=\"font_8 wixui-rich-text__text\"><span class=\"wixui-rich-text__text\">Wir behalten uns vor, diese Datenschutzerkl\u00e4rung anzupassen, damit sie stets den aktuellen rechtlichen Anforderungen entspricht oder um \u00c4nderungen unserer Leistungen in der Datenschutzerkl\u00e4rung umzusetzen, z.B. bei der Einf\u00fchrung neuer Services. F\u00fcr deinen erneuten Besuch gilt dann die neue Datenschutzerkl\u00e4rung.<\/span><\/p>\n<p class=\"font_8 wixui-rich-text__text\">\n<\/p><p><!-- \/wp:paragraph --><\/p>\t\t\t\t\t\t<\/div>\n\t\t\t\t<\/div>\n\t\t\t\t\t<\/div>\n\t\t\t\t<\/div>\n\t\t\t\t<\/div>\n\t\t","protected":false},"excerpt":{"rendered":"<p>Impressum Angaben gem\u00e4\u00df \u00a7 5 TMG Die Adresse unserer Website ist: http:\/\/baliislandsofgodsretreats.com. Julia MandelAmavi HotelG7CC+CHX, Ubud, Gianyar Regency, Bali 80571 Vertreten durch:Julia Mandel Kontakt:Telefon: +62 821 4407 2428E-Mail: julia.life.changing.retreats@gmail.com Haftungsausschuss: Urheberrecht: Die durch die Seitenbetreiber erstellten Inhalte und Werke auf diesen Seiten unterliegen dem deutschen Urheberrecht. Die Vervielf\u00e4ltigung, Bearbeitung, Verbreitung und jede Art der Verwertung [&hellip;]<\/p>\n","protected":false},"author":1,"featured_media":0,"parent":0,"menu_order":0,"comment_status":"closed","ping_status":"open","template":"","meta":{"_monsterinsights_skip_tracking":false,"_monsterinsights_sitenote_active":false,"_monsterinsights_sitenote_note":"","_monsterinsights_sitenote_category":0,"footnotes":""},"aioseo_notices":[],"_links":{"self":[{"href":"https:\/\/baliislandsofgodsretreats.com\/index.php\/wp-json\/wp\/v2\/pages\/3"}],"collection":[{"href":"https:\/\/baliislandsofgodsretreats.com\/index.php\/wp-json\/wp\/v2\/pages"}],"about":[{"href":"https:\/\/baliislandsofgodsretreats.com\/index.php\/wp-json\/wp\/v2\/types\/page"}],"author":[{"embeddable":true,"href":"https:\/\/baliislandsofgodsretreats.com\/index.php\/wp-json\/wp\/v2\/users\/1"}],"replies":[{"embeddable":true,"href":"https:\/\/baliislandsofgodsretreats.com\/index.php\/wp-json\/wp\/v2\/comments?post=3"}],"version-history":[{"count":10,"href":"https:\/\/baliislandsofgodsretreats.com\/index.php\/wp-json\/wp\/v2\/pages\/3\/revisions"}],"predecessor-version":[{"id":962,"href":"https:\/\/baliislandsofgodsretreats.com\/index.php\/wp-json\/wp\/v2\/pages\/3\/revisions\/962"}],"wp:attachment":[{"href":"https:\/\/baliislandsofgodsretreats.com\/index.php\/wp-json\/wp\/v2\/media?parent=3"}],"curies":[{"name":"wp","href":"https:\/\/api.w.org\/{rel}","templated":true}]}}