{"id":162,"date":"2024-04-02T07:27:42","date_gmt":"2024-04-02T05:27:42","guid":{"rendered":"https:\/\/baliislandsofgodsretreats.com\/?page_id=162"},"modified":"2024-05-22T11:27:53","modified_gmt":"2024-05-22T09:27:53","slug":"breathwork-retreat","status":"publish","type":"page","link":"https:\/\/baliislandsofgodsretreats.com\/index.php\/breathwork-retreat\/","title":{"rendered":"Breathwork Retreat"},"content":{"rendered":"\t\t<div data-elementor-type=\"wp-page\" data-elementor-id=\"162\" class=\"elementor elementor-162\" data-elementor-post-type=\"page\">\n\t\t\t\t\t\t<section class=\"elementor-section elementor-top-section elementor-element elementor-element-739f9efb elementor-section-height-full animated-slow elementor-section-content-middle elementor-section-boxed elementor-section-height-default elementor-section-items-middle elementor-invisible\" data-id=\"739f9efb\" data-element_type=\"section\" data-settings=\"{&quot;animation&quot;:&quot;fadeIn&quot;,&quot;animation_delay&quot;:300}\">\n\t\t\t\t\t\t\t<div class=\"elementor-background-overlay\"><\/div>\n\t\t\t\t\t\t\t<div class=\"elementor-container elementor-column-gap-default\">\n\t\t\t\t\t<div class=\"elementor-column elementor-col-100 elementor-top-column elementor-element elementor-element-70866b28\" data-id=\"70866b28\" data-element_type=\"column\">\n\t\t\t<div class=\"elementor-widget-wrap elementor-element-populated\">\n\t\t\t\t\t\t<div class=\"elementor-element elementor-element-41f92ce6 elementor-widget elementor-widget-heading\" data-id=\"41f92ce6\" data-element_type=\"widget\" data-widget_type=\"heading.default\">\n\t\t\t\t<div class=\"elementor-widget-container\">\n\t\t\t<style>\/*! elementor - v3.20.0 - 10-04-2024 *\/\n.elementor-heading-title{padding:0;margin:0;line-height:1}.elementor-widget-heading .elementor-heading-title[class*=elementor-size-]>a{color:inherit;font-size:inherit;line-height:inherit}.elementor-widget-heading .elementor-heading-title.elementor-size-small{font-size:15px}.elementor-widget-heading .elementor-heading-title.elementor-size-medium{font-size:19px}.elementor-widget-heading .elementor-heading-title.elementor-size-large{font-size:29px}.elementor-widget-heading .elementor-heading-title.elementor-size-xl{font-size:39px}.elementor-widget-heading .elementor-heading-title.elementor-size-xxl{font-size:59px}<\/style><h2 class=\"elementor-heading-title elementor-size-default\">Breathwork Retreat<\/h2>\t\t<\/div>\n\t\t\t\t<\/div>\n\t\t\t\t\t<\/div>\n\t\t<\/div>\n\t\t\t\t\t<\/div>\n\t\t<\/section>\n\t\t<div class=\"elementor-element elementor-element-6404239 e-flex e-con-boxed e-con e-parent\" data-id=\"6404239\" data-element_type=\"container\" data-core-v316-plus=\"true\">\n\t\t\t\t\t<div class=\"e-con-inner\">\n\t\t\t\t<div class=\"elementor-element elementor-element-b53c11c elementor-widget elementor-widget-spacer\" data-id=\"b53c11c\" data-element_type=\"widget\" data-widget_type=\"spacer.default\">\n\t\t\t\t<div class=\"elementor-widget-container\">\n\t\t\t<style>\/*! elementor - v3.20.0 - 10-04-2024 *\/\n.elementor-column .elementor-spacer-inner{height:var(--spacer-size)}.e-con{--container-widget-width:100%}.e-con-inner>.elementor-widget-spacer,.e-con>.elementor-widget-spacer{width:var(--container-widget-width,var(--spacer-size));--align-self:var(--container-widget-align-self,initial);--flex-shrink:0}.e-con-inner>.elementor-widget-spacer>.elementor-widget-container,.e-con>.elementor-widget-spacer>.elementor-widget-container{height:100%;width:100%}.e-con-inner>.elementor-widget-spacer>.elementor-widget-container>.elementor-spacer,.e-con>.elementor-widget-spacer>.elementor-widget-container>.elementor-spacer{height:100%}.e-con-inner>.elementor-widget-spacer>.elementor-widget-container>.elementor-spacer>.elementor-spacer-inner,.e-con>.elementor-widget-spacer>.elementor-widget-container>.elementor-spacer>.elementor-spacer-inner{height:var(--container-widget-height,var(--spacer-size))}.e-con-inner>.elementor-widget-spacer.elementor-widget-empty,.e-con>.elementor-widget-spacer.elementor-widget-empty{position:relative;min-height:22px;min-width:22px}.e-con-inner>.elementor-widget-spacer.elementor-widget-empty .elementor-widget-empty-icon,.e-con>.elementor-widget-spacer.elementor-widget-empty .elementor-widget-empty-icon{position:absolute;top:0;bottom:0;left:0;right:0;margin:auto;padding:0;width:22px;height:22px}<\/style>\t\t<div class=\"elementor-spacer\">\n\t\t\t<div class=\"elementor-spacer-inner\"><\/div>\n\t\t<\/div>\n\t\t\t\t<\/div>\n\t\t\t\t<\/div>\n\t\t\t\t\t<\/div>\n\t\t\t\t<\/div>\n\t\t<div class=\"elementor-element elementor-element-b5b3b3e e-flex e-con-boxed e-con e-parent\" data-id=\"b5b3b3e\" data-element_type=\"container\" data-core-v316-plus=\"true\">\n\t\t\t\t\t<div class=\"e-con-inner\">\n\t\t<div class=\"elementor-element elementor-element-506e9b6 e-con-full e-flex e-con e-child\" data-id=\"506e9b6\" data-element_type=\"container\">\n\t\t\t\t<div class=\"elementor-element elementor-element-be4bf07 elementor-widget elementor-widget-heading\" data-id=\"be4bf07\" data-element_type=\"widget\" data-widget_type=\"heading.default\">\n\t\t\t\t<div class=\"elementor-widget-container\">\n\t\t\t<h2 class=\"elementor-heading-title elementor-size-default\">Tauche ein in die transformative Welt des Atems bei unserem exklusiven Breathwork Retreat.<\/h2>\t\t<\/div>\n\t\t\t\t<\/div>\n\t\t\t\t<div class=\"elementor-element elementor-element-5470a33 elementor-widget elementor-widget-text-editor\" data-id=\"5470a33\" data-element_type=\"widget\" data-widget_type=\"text-editor.default\">\n\t\t\t\t<div class=\"elementor-widget-container\">\n\t\t\t<style>\/*! elementor - v3.20.0 - 10-04-2024 *\/\n.elementor-widget-text-editor.elementor-drop-cap-view-stacked .elementor-drop-cap{background-color:#69727d;color:#fff}.elementor-widget-text-editor.elementor-drop-cap-view-framed .elementor-drop-cap{color:#69727d;border:3px solid;background-color:transparent}.elementor-widget-text-editor:not(.elementor-drop-cap-view-default) .elementor-drop-cap{margin-top:8px}.elementor-widget-text-editor:not(.elementor-drop-cap-view-default) .elementor-drop-cap-letter{width:1em;height:1em}.elementor-widget-text-editor .elementor-drop-cap{float:left;text-align:center;line-height:1;font-size:50px}.elementor-widget-text-editor .elementor-drop-cap-letter{display:inline-block}<\/style>\t\t\t\t<p>Inmitten der tropischen Sch\u00f6nheit Balis laden wir dich ein, eine tiefgreifende Reise der Selbstentdeckung, der Transformation und Heilung zu erleben. Mein \u00a0erfahrenes Team und ich f\u00fchren dich durch eine Vielzahl von Atemsitzungen und meditativen Praktiken, die darauf abzielen, tiefe emotionale Blockaden zu l\u00f6sen, Stress abzubauen und deine innere Balance wiederherzustellen.<\/p><p>W\u00e4hrend du dich von der Hektik des Alltags l\u00f6st, wirst du dich in einem wundersch\u00f6nen Resort am Meer verw\u00f6hnt f\u00fchlen. Die entspannte Atmosph\u00e4re und die nat\u00fcrliche Sch\u00f6nheit der Umgebung schaffen den perfekten Rahmen f\u00fcr deine Atemarbeit und deine spirituelle Erneuerung. Durch regelm\u00e4\u00dfige Meditationen, Yoga \u00a0und achtsame \u00dcbungen wirst du eine tiefere Verbindung zu dir selbst herstellen und dich in einem Zustand inneren Friedens und Wohlbefindens wiederfinden.<\/p><p>Unser Breathwork Retreat bietet nicht nur die M\u00f6glichkeit zur pers\u00f6nlichen Transformation, sondern auch die Gelegenheit, sich mit Gleichgesinnten zu verbinden und eine unterst\u00fctzende Gemeinschaft aufzubauen. Tauche ein in die Kraft des Atems, lasse los und erlaube dir, dich von innen heraus zu heilen und zu wachsen. Bereit, deine Atemreise anzutreten? Begleite uns auf unserem Breathwork Retreat und erlebe die tiefe Magie des Breathworks auf Bali.<\/p>\t\t\t\t\t\t<\/div>\n\t\t\t\t<\/div>\n\t\t\t\t<div class=\"elementor-element elementor-element-7024a45 elementor-align-center elementor-widget elementor-widget-button\" data-id=\"7024a45\" data-element_type=\"widget\" data-widget_type=\"button.default\">\n\t\t\t\t<div class=\"elementor-widget-container\">\n\t\t\t\t\t<div class=\"elementor-button-wrapper\">\n\t\t\t<a class=\"elementor-button elementor-button-link elementor-size-sm\" href=\"#wasistbreathwork\">\n\t\t\t\t\t\t<span class=\"elementor-button-content-wrapper\">\n\t\t\t\t\t\t<span class=\"elementor-button-text\">Was ist Breathwork?<\/span>\n\t\t<\/span>\n\t\t\t\t\t<\/a>\n\t\t<\/div>\n\t\t\t\t<\/div>\n\t\t\t\t<\/div>\n\t\t\t\t<\/div>\n\t\t<div class=\"elementor-element elementor-element-5216146 e-con-full e-flex e-con e-child\" data-id=\"5216146\" data-element_type=\"container\">\n\t\t\t\t<div class=\"elementor-element elementor-element-c5ee775 elementor-widget elementor-widget-image\" data-id=\"c5ee775\" data-element_type=\"widget\" data-widget_type=\"image.default\">\n\t\t\t\t<div class=\"elementor-widget-container\">\n\t\t\t<style>\/*! elementor - v3.20.0 - 10-04-2024 *\/\n.elementor-widget-image{text-align:center}.elementor-widget-image a{display:inline-block}.elementor-widget-image a img[src$=\".svg\"]{width:48px}.elementor-widget-image img{vertical-align:middle;display:inline-block}<\/style>\t\t\t\t\t\t\t\t\t\t<img fetchpriority=\"high\" decoding=\"async\" width=\"683\" height=\"1024\" src=\"https:\/\/baliislandsofgodsretreats.com\/wp-content\/uploads\/2024\/04\/IMG02233-683x1024.jpg\" class=\"attachment-large size-large wp-image-666\" alt=\"\" srcset=\"https:\/\/baliislandsofgodsretreats.com\/wp-content\/uploads\/2024\/04\/IMG02233-683x1024.jpg 683w, https:\/\/baliislandsofgodsretreats.com\/wp-content\/uploads\/2024\/04\/IMG02233-200x300.jpg 200w, https:\/\/baliislandsofgodsretreats.com\/wp-content\/uploads\/2024\/04\/IMG02233-768x1152.jpg 768w, https:\/\/baliislandsofgodsretreats.com\/wp-content\/uploads\/2024\/04\/IMG02233-1024x1536.jpg 1024w, https:\/\/baliislandsofgodsretreats.com\/wp-content\/uploads\/2024\/04\/IMG02233-1365x2048.jpg 1365w, https:\/\/baliislandsofgodsretreats.com\/wp-content\/uploads\/2024\/04\/IMG02233-scaled.jpg 1707w\" sizes=\"(max-width: 683px) 100vw, 683px\" \/>\t\t\t\t\t\t\t\t\t\t\t\t\t<\/div>\n\t\t\t\t<\/div>\n\t\t\t\t<\/div>\n\t\t\t\t\t<\/div>\n\t\t\t\t<\/div>\n\t\t<div class=\"elementor-element elementor-element-a8dd4c5 e-flex e-con-boxed e-con e-parent\" data-id=\"a8dd4c5\" data-element_type=\"container\" id=\"wasistbreathwork\" data-settings=\"{&quot;background_background&quot;:&quot;classic&quot;}\" data-core-v316-plus=\"true\">\n\t\t\t\t\t<div class=\"e-con-inner\">\n\t\t\t\t<div class=\"elementor-element elementor-element-1d35612 elementor-widget elementor-widget-spacer\" data-id=\"1d35612\" data-element_type=\"widget\" data-widget_type=\"spacer.default\">\n\t\t\t\t<div class=\"elementor-widget-container\">\n\t\t\t\t\t<div class=\"elementor-spacer\">\n\t\t\t<div class=\"elementor-spacer-inner\"><\/div>\n\t\t<\/div>\n\t\t\t\t<\/div>\n\t\t\t\t<\/div>\n\t\t\t\t<div class=\"elementor-element elementor-element-924fbd3 elementor-widget elementor-widget-heading\" data-id=\"924fbd3\" data-element_type=\"widget\" data-widget_type=\"heading.default\">\n\t\t\t\t<div class=\"elementor-widget-container\">\n\t\t\t<h2 class=\"elementor-heading-title elementor-size-default\">Was ist Breathwork? <\/h2>\t\t<\/div>\n\t\t\t\t<\/div>\n\t\t\t\t<div class=\"elementor-element elementor-element-e14c025 elementor-widget elementor-widget-text-editor\" data-id=\"e14c025\" data-element_type=\"widget\" data-widget_type=\"text-editor.default\">\n\t\t\t\t<div class=\"elementor-widget-container\">\n\t\t\t\t\t\t\t<p>Breathwork ist eine transformative Praxis, die die Kraft des Atems nutzt, um tiefgreifende Ver\u00e4nderungen auf k\u00f6rperlicher, emotionaler und spiritueller Ebene zu bewirken. Durch bewusstes und gezieltes Atmen werden tiefe Zust\u00e4nde der Entspannung, Selbstreflexion, der Regulation des Nervensystems und Heilung erreicht.<\/p><p>Der Atem ist der Schl\u00fcssel zur Verbindung von K\u00f6rper, Geist und Seele. Indem wir unseren Atem bewusst lenken und vertiefen, k\u00f6nnen wir Trauma und Blockaden l\u00f6sen, Stress abbauen und uns mit unserem inneren Selbst verbinden.<\/p><p>Es gibt verschiedene Techniken des Breathworks, darunter das Holotropes Atmen, Rebirthing, unz\u00e4hlige Pranayama Techniken aus dem Yoga und die Wim-Hof-Methode, die jeweils unterschiedliche Ans\u00e4tze zur Atemarbeit bieten. Gemeinsam ist ihnen jedoch allen die Fokussierung auf den Atem als Werkzeug zur Selbstheilung und spirituellen Entwicklung.<\/p><p>W\u00e4hrend einer Breathwork-Sitzung begleitet ein erfahrener Facilitator die Teilnehmerinnen und Teilnehmer durch die Atem\u00fcbungen und unterst\u00fctzt sie dabei, tief in ihren inneren Prozess einzutauchen. Die Erfahrung kann intensiv sein und Gef\u00fchle wie Freude, Trauer, Angst oder Euphorie hervorrufen, w\u00e4hrend der K\u00f6rper und Geist sich von alten Mustern, Trauma und Begrenzungen l\u00f6sen. Das Nervensystem wird reguliert und gest\u00e4rkt.<\/p><p>Letztendlich erm\u00f6glicht uns Breathwork, uns von inneren Blockaden zu befreien, unsere Selbstheilungskr\u00e4fte zu aktivieren und ein tieferes Verst\u00e4ndnis f\u00fcr uns selbst und unsere Beziehung zur Welt um uns herum zu entwickeln. Es ist eine kraftvolle Praxis, die uns dabei unterst\u00fctzt, in unserer authentischen Kraft und Lebendigkeit zu erbl\u00fchen.<\/p>\t\t\t\t\t\t<\/div>\n\t\t\t\t<\/div>\n\t\t\t\t\t<\/div>\n\t\t\t\t<\/div>\n\t\t\t\t<section class=\"elementor-section elementor-top-section elementor-element elementor-element-6c944993 elementor-section-boxed elementor-section-height-default elementor-section-height-default\" data-id=\"6c944993\" data-element_type=\"section\" data-settings=\"{&quot;background_background&quot;:&quot;classic&quot;}\">\n\t\t\t\t\t\t\t<div class=\"elementor-background-overlay\"><\/div>\n\t\t\t\t\t\t\t<div class=\"elementor-container elementor-column-gap-default\">\n\t\t\t\t\t<div class=\"elementor-column elementor-col-50 elementor-top-column elementor-element elementor-element-4f25059a\" data-id=\"4f25059a\" data-element_type=\"column\">\n\t\t\t<div class=\"elementor-widget-wrap\">\n\t\t\t\t\t\t\t<\/div>\n\t\t<\/div>\n\t\t\t\t<div class=\"elementor-column elementor-col-50 elementor-top-column elementor-element elementor-element-60233bc1 elementor-invisible\" data-id=\"60233bc1\" data-element_type=\"column\" data-settings=\"{&quot;background_background&quot;:&quot;classic&quot;,&quot;animation&quot;:&quot;fadeInUp&quot;,&quot;animation_delay&quot;:300}\">\n\t\t\t<div class=\"elementor-widget-wrap elementor-element-populated\">\n\t\t\t\t\t\t<div class=\"elementor-element elementor-element-1a881a43 elementor-widget elementor-widget-heading\" data-id=\"1a881a43\" data-element_type=\"widget\" data-widget_type=\"heading.default\">\n\t\t\t\t<div class=\"elementor-widget-container\">\n\t\t\t<h2 class=\"elementor-heading-title elementor-size-default\">Coming Soon!<\/h2>\t\t<\/div>\n\t\t\t\t<\/div>\n\t\t\t\t<div class=\"elementor-element elementor-element-4f820b8b elementor-invisible elementor-widget elementor-widget-text-editor\" data-id=\"4f820b8b\" data-element_type=\"widget\" data-settings=\"{&quot;_animation&quot;:&quot;fadeInUp&quot;,&quot;_animation_delay&quot;:800}\" data-widget_type=\"text-editor.default\">\n\t\t\t\t<div class=\"elementor-widget-container\">\n\t\t\t\t\t\t\t<p>Das Breathwork Retreat ist noch in der Ausarbeitung.\u00a0\u00a0<\/p>\t\t\t\t\t\t<\/div>\n\t\t\t\t<\/div>\n\t\t\t\t\t<\/div>\n\t\t<\/div>\n\t\t\t\t\t<\/div>\n\t\t<\/section>\n\t\t\t\t<section class=\"elementor-section elementor-top-section elementor-element elementor-element-5294ca64 elementor-section-boxed elementor-section-height-default elementor-section-height-default elementor-invisible\" data-id=\"5294ca64\" data-element_type=\"section\" data-settings=\"{&quot;animation&quot;:&quot;fadeInUp&quot;,&quot;background_background&quot;:&quot;classic&quot;}\">\n\t\t\t\t\t\t\t<div class=\"elementor-background-overlay\"><\/div>\n\t\t\t\t\t\t\t<div class=\"elementor-container elementor-column-gap-default\">\n\t\t\t\t\t<div class=\"elementor-column elementor-col-100 elementor-top-column elementor-element elementor-element-9970652\" data-id=\"9970652\" data-element_type=\"column\">\n\t\t\t<div class=\"elementor-widget-wrap elementor-element-populated\">\n\t\t\t\t\t\t<div class=\"elementor-element elementor-element-2dfc847 elementor-widget__width-inherit elementor--h-position-center elementor--v-position-middle elementor-arrows-position-inside elementor-pagination-position-inside elementor-widget elementor-widget-slides\" data-id=\"2dfc847\" data-element_type=\"widget\" data-settings=\"{&quot;navigation&quot;:&quot;both&quot;,&quot;autoplay&quot;:&quot;yes&quot;,&quot;pause_on_hover&quot;:&quot;yes&quot;,&quot;pause_on_interaction&quot;:&quot;yes&quot;,&quot;autoplay_speed&quot;:5000,&quot;infinite&quot;:&quot;yes&quot;,&quot;transition&quot;:&quot;slide&quot;,&quot;transition_speed&quot;:500}\" data-widget_type=\"slides.default\">\n\t\t\t\t<div class=\"elementor-widget-container\">\n\t\t\t<style>\/*! elementor-pro - v3.20.0 - 11-03-2024 *\/\n.elementor-slides .swiper-slide-bg{background-size:cover;background-position:50%;background-repeat:no-repeat;min-width:100%;min-height:100%}.elementor-slides .swiper-slide-inner{background-repeat:no-repeat;background-position:50%;position:absolute;top:0;left:0;bottom:0;right:0;padding:50px;margin:auto}.elementor-slides .swiper-slide-inner,.elementor-slides .swiper-slide-inner:hover{color:#fff;display:flex}.elementor-slides .swiper-slide-inner .elementor-background-overlay{position:absolute;z-index:0;top:0;bottom:0;left:0;right:0}.elementor-slides .swiper-slide-inner .elementor-slide-content{position:relative;z-index:1;width:100%}.elementor-slides .swiper-slide-inner .elementor-slide-heading{font-size:35px;font-weight:700;line-height:1}.elementor-slides .swiper-slide-inner .elementor-slide-description{font-size:17px;line-height:1.4}.elementor-slides .swiper-slide-inner .elementor-slide-description:not(:last-child),.elementor-slides .swiper-slide-inner .elementor-slide-heading:not(:last-child){margin-bottom:30px}.elementor-slides .swiper-slide-inner .elementor-slide-button{border:2px solid #fff;color:#fff;background:transparent;display:inline-block}.elementor-slides .swiper-slide-inner .elementor-slide-button,.elementor-slides .swiper-slide-inner .elementor-slide-button:hover{background:transparent;color:inherit;text-decoration:none}.elementor--v-position-top .swiper-slide-inner{align-items:flex-start}.elementor--v-position-bottom .swiper-slide-inner{align-items:flex-end}.elementor--v-position-middle .swiper-slide-inner{align-items:center}.elementor--h-position-left .swiper-slide-inner{justify-content:flex-start}.elementor--h-position-right .swiper-slide-inner{justify-content:flex-end}.elementor--h-position-center .swiper-slide-inner{justify-content:center}body.rtl .elementor-widget-slides .elementor-swiper-button-next{left:10px;right:auto}body.rtl .elementor-widget-slides .elementor-swiper-button-prev{right:10px;left:auto}.elementor-slides-wrapper div:not(.swiper-slide)>.swiper-slide-inner{display:none}@media (max-width:767px){.elementor-slides .swiper-slide-inner{padding:30px}.elementor-slides .swiper-slide-inner .elementor-slide-heading{font-size:23px;line-height:1;margin-bottom:15px}.elementor-slides .swiper-slide-inner .elementor-slide-description{font-size:13px;line-height:1.4;margin-bottom:15px}}<\/style>\t\t<div class=\"elementor-swiper\">\n\t\t\t<div class=\"elementor-slides-wrapper elementor-main-swiper swiper\" dir=\"ltr\" data-animation=\"zoomIn\">\n\t\t\t\t<div class=\"swiper-wrapper elementor-slides\">\n\t\t\t\t\t\t\t\t\t\t<div class=\"elementor-repeater-item-217b095 swiper-slide\"><div class=\"swiper-slide-bg\" role=\"img\"><\/div><a class=\"swiper-slide-inner\" href=\"https:\/\/baliislandsofgodsretreats.com\/index.php\/detox-retreat\/\"><div class=\"swiper-slide-contents\"><div class=\"elementor-slide-heading\">Jetzt Detoxen Auf Bali!<\/div><div class=\"elementor-slide-description\">Die au\u00dfergew\u00f6hnliche Kombination aus K\u00f6rperdetox und Bewusstseinsarbeit erm\u00f6glicht dir einen wirklichen Shift in deinem Leben.\n\n<\/div><div  class=\"elementor-button elementor-slide-button elementor-size-sm\">Mehr Erfahren!<\/div><\/div><\/a><\/div><div class=\"elementor-repeater-item-50e7a52 swiper-slide\"><div class=\"swiper-slide-bg\" role=\"img\"><\/div><a class=\"swiper-slide-inner\" href=\"https:\/\/baliislandsofgodsretreats.com\/index.php\/luxus-detox-retreat\/\"><div class=\"swiper-slide-contents\"><div class=\"elementor-slide-heading\">Willst Du Luxus Am Meer?<\/div><div class=\"elementor-slide-description\">Willst du mehr Luxus? Schau dir unser Privates Luxus Detox Retreat direkt am Meer an.\nDich erwartet ein wundersch\u00f6nes Luxus-Resort, Detox, Meer und Zeit f\u00fcr Dich!<\/div><div  class=\"elementor-button elementor-slide-button elementor-size-sm\">Mehr Erfahren!<\/div><\/div><\/a><\/div><div class=\"elementor-repeater-item-9827c66 swiper-slide\"><div class=\"swiper-slide-bg\" role=\"img\"><\/div><a class=\"swiper-slide-inner\" href=\"https:\/\/baliislandsofgodsretreats.com\/index.php\/lomi-lomi-nui-retreat\/\"><div class=\"swiper-slide-contents\"><div class=\"elementor-slide-heading\">Lerne Lomi Lomi Nui In Unserem Bodywork Retreat\u200b<\/div><div class=\"elementor-slide-description\">\u00a0Das Lomi Lomi Nui Bodywork Retreat auf Bali wartet auf dich, um deine Reise zu einem ganzheitlichen Wohlbefinden zu beginnen. Reserviere deinen Platz noch heute und erlebe die transformative Kraft des Lomi Lomi Nui, umgeben von der majest\u00e4tischen Sch\u00f6nheit Balis.<\/div><div  class=\"elementor-button elementor-slide-button elementor-size-sm\">Mehr Erfahren!<\/div><\/div><\/a><\/div><div class=\"elementor-repeater-item-de916c3 swiper-slide\"><div class=\"swiper-slide-bg\" role=\"img\"><\/div><a class=\"swiper-slide-inner\" href=\"https:\/\/baliislandsofgodsretreats.com\/index.php\/privates-detox-retreat\/\"><div class=\"swiper-slide-contents\"><div class=\"elementor-slide-heading\">Dein Privates Detox Retreat wartet auf dich!<\/div><div class=\"elementor-slide-description\">Entgifte deinen K\u00f6rper in einer privaten und heimischen Umgebung auf Bali. Detox, Massagen, Breathwork und tolle Ausfl\u00fcge warten auf dich! <\/div><div  class=\"elementor-button elementor-slide-button elementor-size-sm\">Mehr Erfahren!<\/div><\/div><\/a><\/div><div class=\"elementor-repeater-item-db542ec swiper-slide\"><div class=\"swiper-slide-bg\" role=\"img\"><\/div><a class=\"swiper-slide-inner\" href=\"https:\/\/baliislandsofgodsretreats.com\/index.php\/privates-detox-retreat-am-meer\/\"><div class=\"swiper-slide-contents\"><div class=\"elementor-slide-heading\">Privates detoxen im wundersch\u00f6nen Resort auf Bali!<\/div><div class=\"elementor-slide-description\">Entfliehe dem Alltag und erlebe ein exklusives privates Detox Retreat direkt am Meer im Norden Balis. In einem wundersch\u00f6nen Resort verw\u00f6hnen wir dich mit individuell zugeschnittenen Detoxprogrammen, die deine Gesundheit und Wohlbefinden f\u00f6rdern. Genie\u00dfe die unber\u00fchrte Naturkulisse des Nordens Balis und finde Ruhe und Erholung, w\u00e4hrend du dich ganzheitlich reinigst und regenerierst.<\/div><div  class=\"elementor-button elementor-slide-button elementor-size-sm\">Mehr Erfahren!<\/div><\/div><\/a><\/div>\t\t\t\t<\/div>\n\t\t\t\t\t\t\t\t\t\t\t\t\t\t\t<div class=\"swiper-pagination\"><\/div>\n\t\t\t\t\t\t\t\t\t\t\t\t\t\t\t\t<div class=\"elementor-swiper-button elementor-swiper-button-prev\" role=\"button\" tabindex=\"0\">\n\t\t\t\t\t\t\t<svg aria-hidden=\"true\" class=\"e-font-icon-svg e-eicon-chevron-left\" viewBox=\"0 0 1000 1000\" xmlns=\"http:\/\/www.w3.org\/2000\/svg\"><path d=\"M646 125C629 125 613 133 604 142L308 442C296 454 292 471 292 487 292 504 296 521 308 533L604 854C617 867 629 875 646 875 663 875 679 871 692 858 704 846 713 829 713 812 713 796 708 779 692 767L438 487 692 225C700 217 708 204 708 187 708 171 704 154 692 142 675 129 663 125 646 125Z\"><\/path><\/svg>\t\t\t\t\t\t\t<span class=\"elementor-screen-only\">Vorheriger Slide<\/span>\n\t\t\t\t\t\t<\/div>\n\t\t\t\t\t\t<div class=\"elementor-swiper-button elementor-swiper-button-next\" role=\"button\" tabindex=\"0\">\n\t\t\t\t\t\t\t<svg aria-hidden=\"true\" class=\"e-font-icon-svg e-eicon-chevron-right\" viewBox=\"0 0 1000 1000\" xmlns=\"http:\/\/www.w3.org\/2000\/svg\"><path d=\"M696 533C708 521 713 504 713 487 713 471 708 454 696 446L400 146C388 133 375 125 354 125 338 125 325 129 313 142 300 154 292 171 292 187 292 204 296 221 308 233L563 492 304 771C292 783 288 800 288 817 288 833 296 850 308 863 321 871 338 875 354 875 371 875 388 867 400 854L696 533Z\"><\/path><\/svg>\t\t\t\t\t\t\t<span class=\"elementor-screen-only\">N\u00e4chster Slide<\/span>\n\t\t\t\t\t\t<\/div>\n\t\t\t\t\t\t\t\t\t\t\t\t<\/div>\n\t\t<\/div>\n\t\t\t\t<\/div>\n\t\t\t\t<\/div>\n\t\t\t\t\t<\/div>\n\t\t<\/div>\n\t\t\t\t\t<\/div>\n\t\t<\/section>\n\t\t\t\t<\/div>\n\t\t","protected":false},"excerpt":{"rendered":"<p>Breathwork Retreat Tauche ein in die transformative Welt des Atems bei unserem exklusiven Breathwork Retreat. Inmitten der tropischen Sch\u00f6nheit Balis laden wir dich ein, eine tiefgreifende Reise der Selbstentdeckung, der Transformation und Heilung zu erleben. Mein \u00a0erfahrenes Team und ich f\u00fchren dich durch eine Vielzahl von Atemsitzungen und meditativen Praktiken, die darauf abzielen, tiefe emotionale [&hellip;]<\/p>\n","protected":false},"author":1,"featured_media":0,"parent":0,"menu_order":0,"comment_status":"closed","ping_status":"closed","template":"","meta":{"_monsterinsights_skip_tracking":false,"_monsterinsights_sitenote_active":false,"_monsterinsights_sitenote_note":"","_monsterinsights_sitenote_category":0,"footnotes":""},"aioseo_notices":[],"_links":{"self":[{"href":"https:\/\/baliislandsofgodsretreats.com\/index.php\/wp-json\/wp\/v2\/pages\/162"}],"collection":[{"href":"https:\/\/baliislandsofgodsretreats.com\/index.php\/wp-json\/wp\/v2\/pages"}],"about":[{"href":"https:\/\/baliislandsofgodsretreats.com\/index.php\/wp-json\/wp\/v2\/types\/page"}],"author":[{"embeddable":true,"href":"https:\/\/baliislandsofgodsretreats.com\/index.php\/wp-json\/wp\/v2\/users\/1"}],"replies":[{"embeddable":true,"href":"https:\/\/baliislandsofgodsretreats.com\/index.php\/wp-json\/wp\/v2\/comments?post=162"}],"version-history":[{"count":32,"href":"https:\/\/baliislandsofgodsretreats.com\/index.php\/wp-json\/wp\/v2\/pages\/162\/revisions"}],"predecessor-version":[{"id":1416,"href":"https:\/\/baliislandsofgodsretreats.com\/index.php\/wp-json\/wp\/v2\/pages\/162\/revisions\/1416"}],"wp:attachment":[{"href":"https:\/\/baliislandsofgodsretreats.com\/index.php\/wp-json\/wp\/v2\/media?parent=162"}],"curies":[{"name":"wp","href":"https:\/\/api.w.org\/{rel}","templated":true}]}}